{"id":2445,"date":"2019-06-05T04:29:41","date_gmt":"2019-06-05T04:29:41","guid":{"rendered":"http:\/\/estudiopatagon.com\/themes\/wordpress\/breek\/?page_id=66"},"modified":"2023-08-11T16:38:30","modified_gmt":"2023-08-11T19:38:30","slug":"contato","status":"publish","type":"page","link":"https:\/\/www.blitzcosplay.com.br\/blog\/contato\/","title":{"rendered":"Contato"},"content":{"rendered":"\r\n<div id=\"attachment_2882\" style=\"width: 830px\" class=\"wp-caption alignnone\"><img loading=\"lazy\" decoding=\"async\" aria-describedby=\"caption-attachment-2882\" class=\"wp-image-2882 size-full\" title=\"Personagens Blitz Cosplay\" src=\"https:\/\/www.blitzcosplay.com.br\/blog\/wp-content\/themes\/breek\/assets\/images\/transparent.gif\" data-lazy=\"true\" data-src=\"https:\/\/www.blitzcosplay.com.br\/blog\/wp-content\/uploads\/2023\/01\/contratar-personagens-vivos-sp-2023.webp\" alt=\"Personagens Vivos da Blitz Cosplay\" width=\"820\" height=\"312\" data-srcset=\"https:\/\/www.blitzcosplay.com.br\/blog\/wp-content\/uploads\/2023\/01\/contratar-personagens-vivos-sp-2023.webp 820w, https:\/\/www.blitzcosplay.com.br\/blog\/wp-content\/uploads\/2023\/01\/contratar-personagens-vivos-sp-2023-300x114.webp 300w, https:\/\/www.blitzcosplay.com.br\/blog\/wp-content\/uploads\/2023\/01\/contratar-personagens-vivos-sp-2023-768x292.webp 768w, https:\/\/www.blitzcosplay.com.br\/blog\/wp-content\/uploads\/2023\/01\/contratar-personagens-vivos-sp-2023-100x38.webp 100w, https:\/\/www.blitzcosplay.com.br\/blog\/wp-content\/uploads\/2023\/01\/contratar-personagens-vivos-sp-2023-700x266.webp 700w\" data-sizes=\"auto, (max-width: 820px) 100vw, 820px\" \/><p id=\"caption-attachment-2882\" class=\"wp-caption-text\">Contratar Personagens Vivos SP<\/p><\/div>\r\n<p>Fa\u00e7a contato com a Blitz Cosplay Personagens Vivos para contratar o que h\u00e1 de melhor para a sua atividade! Estaremos a disposi\u00e7\u00e3o!<\/p>\r\n\n<div class=\"wpcf7 no-js\" id=\"wpcf7-f2389-o1\" lang=\"pt-BR\" dir=\"ltr\" data-wpcf7-id=\"2389\">\n<div class=\"screen-reader-response\"><p role=\"status\" aria-live=\"polite\" aria-atomic=\"true\"><\/p> <ul><\/ul><\/div>\n<form action=\"\/blog\/wp-json\/wp\/v2\/pages\/2445#wpcf7-f2389-o1\" method=\"post\" class=\"wpcf7-form init\" aria-label=\"Formul\u00e1rios de contato\" novalidate=\"novalidate\" data-status=\"init\">\n<fieldset class=\"hidden-fields-container\"><input type=\"hidden\" name=\"_wpcf7\" value=\"2389\" \/><input type=\"hidden\" name=\"_wpcf7_version\" value=\"6.1.5\" \/><input type=\"hidden\" name=\"_wpcf7_locale\" value=\"pt_BR\" \/><input type=\"hidden\" name=\"_wpcf7_unit_tag\" value=\"wpcf7-f2389-o1\" \/><input type=\"hidden\" name=\"_wpcf7_container_post\" value=\"0\" \/><input type=\"hidden\" name=\"_wpcf7_posted_data_hash\" value=\"\" \/><input type=\"hidden\" name=\"_wpcf7_recaptcha_response\" value=\"\" \/>\n<\/fieldset>\n<p><label> Seu nome<br \/>\n<span class=\"wpcf7-form-control-wrap\" data-name=\"your-name\"><input size=\"40\" maxlength=\"400\" class=\"wpcf7-form-control wpcf7-text wpcf7-validates-as-required\" autocomplete=\"name\" aria-required=\"true\" aria-invalid=\"false\" value=\"\" type=\"text\" name=\"your-name\" \/><\/span> <\/label>\n<\/p>\n<p><label> Seu email<br \/>\n<span class=\"wpcf7-form-control-wrap\" data-name=\"your-email\"><input size=\"40\" maxlength=\"400\" class=\"wpcf7-form-control wpcf7-email wpcf7-validates-as-required wpcf7-text wpcf7-validates-as-email\" autocomplete=\"email\" aria-required=\"true\" aria-invalid=\"false\" value=\"\" type=\"email\" name=\"your-email\" \/><\/span> <\/label>\n<\/p>\n<p><label> Celular \/ WhatsApp:<br \/>\n<span class=\"wpcf7-form-control-wrap\" data-name=\"tel-364\"><input size=\"40\" maxlength=\"15\" minlength=\"9\" class=\"wpcf7-form-control wpcf7-tel wpcf7-text wpcf7-validates-as-tel\" aria-invalid=\"false\" placeholder=\"(XX) XXXXX-XXXX\" value=\"\" type=\"tel\" name=\"tel-364\" \/><\/span> <\/label>\n<\/p>\n<p><label> Assunto<br \/>\n<span class=\"wpcf7-form-control-wrap\" data-name=\"your-subject\"><input size=\"40\" maxlength=\"400\" class=\"wpcf7-form-control wpcf7-text wpcf7-validates-as-required\" aria-required=\"true\" aria-invalid=\"false\" value=\"\" type=\"text\" name=\"your-subject\" \/><\/span> <\/label>\n<\/p>\n<p><label> Mensagem<br \/>\n<span class=\"wpcf7-form-control-wrap\" data-name=\"your-message\"><textarea cols=\"40\" rows=\"10\" maxlength=\"2000\" class=\"wpcf7-form-control wpcf7-textarea\" aria-invalid=\"false\" name=\"your-message\"><\/textarea><\/span> <\/label>\n<\/p>\n<p><input class=\"wpcf7-form-control wpcf7-submit has-spinner\" type=\"submit\" value=\"Enviar\" \/>\n<\/p><div class=\"wpcf7-response-output\" aria-hidden=\"true\"><\/div>\n<\/form>\n<\/div>\n\r\n<p><iframe loading=\"lazy\" data-lazy=\"true\" data-src=\"https:\/\/www.google.com\/maps\/embed?pb=!1m18!1m12!1m3!1d457.26414999122994!2d-46.76743140557103!3d-23.528430622292458!2m3!1f0!2f0!3f0!3m2!1i1024!2i768!4f13.1!3m3!1m2!1s0x94ceff3d38681ae7%3A0x1db3db398638be03!2sPres.%20Altino%2C%20Osasco%20-%20SP%2C%2002675-031!5e0!3m2!1spt-BR!2sbr!4v1673727774874!5m2!1spt-BR!2sbr\" width=\"100%\" height=\"350 style=\" allowfullscreen=\"allowfullscreen\"><\/iframe><\/p>\r\n\r\n\r\n\r\n\r\n","protected":false},"excerpt":{"rendered":"<p>Fa\u00e7a contato com a Blitz Cosplay Personagens Vivos para contratar o que h\u00e1 de melhor para a sua atividade! Estaremos a disposi\u00e7\u00e3o!<\/p>\n","protected":false},"author":1,"featured_media":0,"parent":0,"menu_order":0,"comment_status":"closed","ping_status":"closed","template":"","meta":{"_joinchat":[],"footnotes":""},"class_list":["post-2445","page","type-page","status-publish","hentry"],"acf":[],"yoast_head":"<!-- This site is optimized with the Yoast SEO plugin v27.2 - https:\/\/yoast.com\/product\/yoast-seo-wordpress\/ -->\n<title>Contratar Personagens Vivos Sp e Cosplay<\/title>\n<meta name=\"description\" content=\"Para Contratar Personagens Vivos Sp e Cosplay \u00e9 com a Blitz Cosplay. Contrate os melhores personagens para eventos!\" \/>\n<meta name=\"robots\" content=\"index, follow, max-snippet:-1, max-image-preview:large, max-video-preview:-1\" \/>\n<link rel=\"canonical\" href=\"https:\/\/www.blitzcosplay.com.br\/blog\/contato\/\" \/>\n<meta property=\"og:locale\" content=\"pt_BR\" \/>\n<meta property=\"og:type\" content=\"article\" \/>\n<meta property=\"og:title\" content=\"Contratar Personagens Vivos Sp e Cosplay\" \/>\n<meta property=\"og:description\" content=\"Para Contratar Personagens Vivos Sp e Cosplay \u00e9 com a Blitz Cosplay. Contrate os melhores personagens para eventos!\" \/>\n<meta property=\"og:url\" content=\"https:\/\/www.blitzcosplay.com.br\/blog\/contato\/\" \/>\n<meta property=\"og:site_name\" content=\"Blitz Cosplay Personagens Vivos\" \/>\n<meta property=\"article:publisher\" content=\"https:\/\/www.facebook.com\/BlitzCosplayAgency\" \/>\n<meta property=\"article:modified_time\" content=\"2023-08-11T19:38:30+00:00\" \/>\n<meta property=\"og:image\" content=\"https:\/\/www.blitzcosplay.com.br\/blog\/wp-content\/uploads\/2023\/01\/contratar-personagens-vivos-sp-2023.webp\" \/>\n<meta name=\"twitter:card\" content=\"summary_large_image\" \/>\n<meta name=\"twitter:label1\" content=\"Est. tempo de leitura\" \/>\n\t<meta name=\"twitter:data1\" content=\"1 minuto\" \/>\n<script type=\"application\/ld+json\" class=\"yoast-schema-graph\">{\"@context\":\"https:\/\/schema.org\",\"@graph\":[{\"@type\":\"WebPage\",\"@id\":\"https:\/\/www.blitzcosplay.com.br\/blog\/contato\/\",\"url\":\"https:\/\/www.blitzcosplay.com.br\/blog\/contato\/\",\"name\":\"Contratar Personagens Vivos Sp e Cosplay\",\"isPartOf\":{\"@id\":\"https:\/\/www.blitzcosplay.com.br\/blog\/#website\"},\"primaryImageOfPage\":{\"@id\":\"https:\/\/www.blitzcosplay.com.br\/blog\/contato\/#primaryimage\"},\"image\":{\"@id\":\"https:\/\/www.blitzcosplay.com.br\/blog\/contato\/#primaryimage\"},\"thumbnailUrl\":\"https:\/\/www.blitzcosplay.com.br\/blog\/wp-content\/uploads\/2023\/01\/contratar-personagens-vivos-sp-2023.webp\",\"datePublished\":\"2019-06-05T04:29:41+00:00\",\"dateModified\":\"2023-08-11T19:38:30+00:00\",\"description\":\"Para Contratar Personagens Vivos Sp e Cosplay \u00e9 com a Blitz Cosplay. Contrate os melhores personagens para eventos!\",\"breadcrumb\":{\"@id\":\"https:\/\/www.blitzcosplay.com.br\/blog\/contato\/#breadcrumb\"},\"inLanguage\":\"pt-BR\",\"potentialAction\":[{\"@type\":\"ReadAction\",\"target\":[\"https:\/\/www.blitzcosplay.com.br\/blog\/contato\/\"]}]},{\"@type\":\"ImageObject\",\"inLanguage\":\"pt-BR\",\"@id\":\"https:\/\/www.blitzcosplay.com.br\/blog\/contato\/#primaryimage\",\"url\":\"https:\/\/www.blitzcosplay.com.br\/blog\/wp-content\/uploads\/2023\/01\/contratar-personagens-vivos-sp-2023.webp\",\"contentUrl\":\"https:\/\/www.blitzcosplay.com.br\/blog\/wp-content\/uploads\/2023\/01\/contratar-personagens-vivos-sp-2023.webp\",\"width\":820,\"height\":312,\"caption\":\"Contratar Personagens Vivos SP\"},{\"@type\":\"BreadcrumbList\",\"@id\":\"https:\/\/www.blitzcosplay.com.br\/blog\/contato\/#breadcrumb\",\"itemListElement\":[{\"@type\":\"ListItem\",\"position\":1,\"name\":\"In\u00edcio\",\"item\":\"https:\/\/www.blitzcosplay.com.br\/blog\/\"},{\"@type\":\"ListItem\",\"position\":2,\"name\":\"Contato\"}]},{\"@type\":\"WebSite\",\"@id\":\"https:\/\/www.blitzcosplay.com.br\/blog\/#website\",\"url\":\"https:\/\/www.blitzcosplay.com.br\/blog\/\",\"name\":\"Blitz Cosplay Personagens Vivos\",\"description\":\"Contratar personagens vivos e Cosplay em S\u00e3o Paulo\",\"potentialAction\":[{\"@type\":\"SearchAction\",\"target\":{\"@type\":\"EntryPoint\",\"urlTemplate\":\"https:\/\/www.blitzcosplay.com.br\/blog\/?s={search_term_string}\"},\"query-input\":{\"@type\":\"PropertyValueSpecification\",\"valueRequired\":true,\"valueName\":\"search_term_string\"}}],\"inLanguage\":\"pt-BR\"}]}<\/script>\n<!-- \/ Yoast SEO plugin. -->","yoast_head_json":{"title":"Contratar Personagens Vivos Sp e Cosplay","description":"Para Contratar Personagens Vivos Sp e Cosplay \u00e9 com a Blitz Cosplay. Contrate os melhores personagens para eventos!","robots":{"index":"index","follow":"follow","max-snippet":"max-snippet:-1","max-image-preview":"max-image-preview:large","max-video-preview":"max-video-preview:-1"},"canonical":"https:\/\/www.blitzcosplay.com.br\/blog\/contato\/","og_locale":"pt_BR","og_type":"article","og_title":"Contratar Personagens Vivos Sp e Cosplay","og_description":"Para Contratar Personagens Vivos Sp e Cosplay \u00e9 com a Blitz Cosplay. Contrate os melhores personagens para eventos!","og_url":"https:\/\/www.blitzcosplay.com.br\/blog\/contato\/","og_site_name":"Blitz Cosplay Personagens Vivos","article_publisher":"https:\/\/www.facebook.com\/BlitzCosplayAgency","article_modified_time":"2023-08-11T19:38:30+00:00","og_image":[{"url":"https:\/\/www.blitzcosplay.com.br\/blog\/wp-content\/uploads\/2023\/01\/contratar-personagens-vivos-sp-2023.webp","type":"","width":"","height":""}],"twitter_card":"summary_large_image","twitter_misc":{"Est. tempo de leitura":"1 minuto"},"schema":{"@context":"https:\/\/schema.org","@graph":[{"@type":"WebPage","@id":"https:\/\/www.blitzcosplay.com.br\/blog\/contato\/","url":"https:\/\/www.blitzcosplay.com.br\/blog\/contato\/","name":"Contratar Personagens Vivos Sp e Cosplay","isPartOf":{"@id":"https:\/\/www.blitzcosplay.com.br\/blog\/#website"},"primaryImageOfPage":{"@id":"https:\/\/www.blitzcosplay.com.br\/blog\/contato\/#primaryimage"},"image":{"@id":"https:\/\/www.blitzcosplay.com.br\/blog\/contato\/#primaryimage"},"thumbnailUrl":"https:\/\/www.blitzcosplay.com.br\/blog\/wp-content\/uploads\/2023\/01\/contratar-personagens-vivos-sp-2023.webp","datePublished":"2019-06-05T04:29:41+00:00","dateModified":"2023-08-11T19:38:30+00:00","description":"Para Contratar Personagens Vivos Sp e Cosplay \u00e9 com a Blitz Cosplay. Contrate os melhores personagens para eventos!","breadcrumb":{"@id":"https:\/\/www.blitzcosplay.com.br\/blog\/contato\/#breadcrumb"},"inLanguage":"pt-BR","potentialAction":[{"@type":"ReadAction","target":["https:\/\/www.blitzcosplay.com.br\/blog\/contato\/"]}]},{"@type":"ImageObject","inLanguage":"pt-BR","@id":"https:\/\/www.blitzcosplay.com.br\/blog\/contato\/#primaryimage","url":"https:\/\/www.blitzcosplay.com.br\/blog\/wp-content\/uploads\/2023\/01\/contratar-personagens-vivos-sp-2023.webp","contentUrl":"https:\/\/www.blitzcosplay.com.br\/blog\/wp-content\/uploads\/2023\/01\/contratar-personagens-vivos-sp-2023.webp","width":820,"height":312,"caption":"Contratar Personagens Vivos SP"},{"@type":"BreadcrumbList","@id":"https:\/\/www.blitzcosplay.com.br\/blog\/contato\/#breadcrumb","itemListElement":[{"@type":"ListItem","position":1,"name":"In\u00edcio","item":"https:\/\/www.blitzcosplay.com.br\/blog\/"},{"@type":"ListItem","position":2,"name":"Contato"}]},{"@type":"WebSite","@id":"https:\/\/www.blitzcosplay.com.br\/blog\/#website","url":"https:\/\/www.blitzcosplay.com.br\/blog\/","name":"Blitz Cosplay Personagens Vivos","description":"Contratar personagens vivos e Cosplay em S\u00e3o Paulo","potentialAction":[{"@type":"SearchAction","target":{"@type":"EntryPoint","urlTemplate":"https:\/\/www.blitzcosplay.com.br\/blog\/?s={search_term_string}"},"query-input":{"@type":"PropertyValueSpecification","valueRequired":true,"valueName":"search_term_string"}}],"inLanguage":"pt-BR"}]}},"_links":{"self":[{"href":"https:\/\/www.blitzcosplay.com.br\/blog\/wp-json\/wp\/v2\/pages\/2445","targetHints":{"allow":["GET"]}}],"collection":[{"href":"https:\/\/www.blitzcosplay.com.br\/blog\/wp-json\/wp\/v2\/pages"}],"about":[{"href":"https:\/\/www.blitzcosplay.com.br\/blog\/wp-json\/wp\/v2\/types\/page"}],"author":[{"embeddable":true,"href":"https:\/\/www.blitzcosplay.com.br\/blog\/wp-json\/wp\/v2\/users\/1"}],"replies":[{"embeddable":true,"href":"https:\/\/www.blitzcosplay.com.br\/blog\/wp-json\/wp\/v2\/comments?post=2445"}],"version-history":[{"count":11,"href":"https:\/\/www.blitzcosplay.com.br\/blog\/wp-json\/wp\/v2\/pages\/2445\/revisions"}],"predecessor-version":[{"id":16477,"href":"https:\/\/www.blitzcosplay.com.br\/blog\/wp-json\/wp\/v2\/pages\/2445\/revisions\/16477"}],"wp:attachment":[{"href":"https:\/\/www.blitzcosplay.com.br\/blog\/wp-json\/wp\/v2\/media?parent=2445"}],"curies":[{"name":"wp","href":"https:\/\/api.w.org\/{rel}","templated":true}]}}